{"id":2573,"date":"2023-06-23T05:20:45","date_gmt":"2023-06-23T05:20:45","guid":{"rendered":"http:\/\/swissleadershipinstitute.com\/?page_id=2573"},"modified":"2023-06-23T07:01:49","modified_gmt":"2023-06-23T07:01:49","slug":"ihre-digitale-strategie","status":"publish","type":"page","link":"https:\/\/swissleadershipinstitute.com\/?page_id=2573","title":{"rendered":"Ihre digitale Strategie"},"content":{"rendered":"<div data-colibri-id=\"2573-c1\" class=\"style-447 style-local-2573-c1 position-relative\">\n  <!---->\n  <div data-colibri-component=\"section\" data-colibri-id=\"2573-c2\" id=\"custom\" class=\"h-section h-section-global-spacing d-flex align-items-lg-center align-items-md-center align-items-center style-448 style-local-2573-c2 position-relative\">\n    <!---->\n    <!---->\n    <div class=\"h-section-grid-container h-section-boxed-container\">\n      <!---->\n      <div data-colibri-id=\"2573-c3\" class=\"h-row-container gutters-row-lg-2 gutters-row-md-2 gutters-row-0 gutters-row-v-lg-2 gutters-row-v-md-2 gutters-row-v-2 style-449 style-local-2573-c3 position-relative\">\n        <!---->\n        <div class=\"h-row justify-content-lg-center justify-content-md-center justify-content-center align-items-lg-stretch align-items-md-stretch align-items-stretch gutters-col-lg-2 gutters-col-md-2 gutters-col-0 gutters-col-v-lg-2 gutters-col-v-md-2 gutters-col-v-2\">\n          <!---->\n          <div class=\"h-column h-column-container d-flex h-col-lg-auto h-col-md-auto h-col-auto style-450-outer style-local-2573-c4-outer\">\n            <div data-colibri-id=\"2573-c4\" class=\"d-flex h-flex-basis h-column__inner h-px-lg-2 h-px-md-2 h-px-2 v-inner-lg-2 v-inner-md-2 v-inner-2 style-450 style-local-2573-c4 position-relative\">\n              <!---->\n              <!---->\n              <div class=\"w-100 h-y-container h-column__content h-column__v-align flex-basis-100 align-self-lg-start align-self-md-start align-self-start\">\n                <!---->\n                <div data-colibri-id=\"2573-c5\" class=\"h-text h-text-component style-451 style-local-2573-c5 position-relative h-element\">\n                  <!---->\n                  <!---->\n                  <div class=\"\">\n                    <p>Liebe Unternehmensleiter(in),<\/p>\n                    <p>Die Verwirklichung von Gesch\u00e4ftszielen ist eine Reise, die mit sorgf\u00e4ltiger Planung und einer klaren Strategie beginnt. In einer Welt, die sich st\u00e4ndig ver\u00e4ndert und vor neuen Herausforderungen steht, ist eine gute Strategie von entscheidender\n                      Bedeutung. Sie bildet das Fundament, auf dem Erfolg aufgebaut wird, und ebnet den Weg zu einer nachhaltigen Entwicklung und Wachstum.<\/p>\n                    <p>Eine gute Strategie ist wie ein Kompass, der uns in die richtige Richtung lenkt und uns hilft, Hindernisse zu \u00fcberwinden. Sie gibt uns Klarheit dar\u00fcber, welche Ziele wir erreichen wollen und welchen Weg wir einschlagen m\u00fcssen, um dorthin\n                      zu gelangen. Sie erm\u00f6glicht es uns, unsere Ressourcen effizient einzusetzen und Chancen zu erkennen, die uns einen Wettbewerbsvorteil verschaffen.<\/p>\n                    <p>Eine erfolgreiche Strategie ber\u00fccksichtigt nicht nur unsere internen St\u00e4rken und Schw\u00e4chen, sondern auch die sich st\u00e4ndig ver\u00e4ndernden Marktbedingungen und Kundenbed\u00fcrfnisse. Sie erfordert ein tiefes Verst\u00e4ndnis f\u00fcr unsere Branche,\n                      Wettbewerber und Trends. Sie fordert uns auf, innovativ zu denken und den Mut zu haben, neue Wege zu gehen.<\/p>\n                    <p>Die Umsetzung einer guten Strategie erfordert ein starkes F\u00fchrungsengagement und die Beteiligung des gesamten Unternehmens. Es ist eine kollektive Anstrengung, bei der jede Person eine wichtige Rolle spielt. Einheitliches Handeln,\n                      klare Kommunikation und ein gemeinsames Verst\u00e4ndnis der Strategie sind von entscheidender Bedeutung, um alle Mitarbeiter auf dasselbe Ziel auszurichten.<\/p>\n                    <p>Gesch\u00e4ftsziele zu verwirklichen bedeutet nicht nur, kurzfristige Gewinne zu erzielen, sondern auch langfristige Nachhaltigkeit zu schaffen. Eine gute Strategie ber\u00fccksichtigt \u00f6konomische, soziale und \u00f6kologische Aspekte. Sie beruht\n                      auf ethischen Grunds\u00e4tzen und einem verantwortungsvollen Umgang mit unseren Mitarbeitern, Kunden und der Umwelt. Sie schafft einen Mehrwert, der \u00fcber finanzielle Ergebnisse hinausgeht und das Vertrauen unserer Stakeholder st\u00e4rkt.<\/p>\n                    <p>Als Unternehmensleiter tragen wir die Verantwortung, eine gute Strategie zu entwickeln und umzusetzen. Wir sind die Vision\u00e4re, die unsere Organisation in die Zukunft f\u00fchren. Indem wir unsere Gesch\u00e4ftsziele verwirklichen, schaffen wir\n                      nicht nur Wohlstand f\u00fcr unser Unternehmen, sondern auch eine positive Wirkung auf die Gesellschaft.<\/p>\n                    <p>Lasst uns gemeinsam den Mut aufbringen, die Chancen zu ergreifen, die eine gute Strategie uns bietet. Lasst uns eine Kultur des strategischen Denkens und Handelns f\u00f6rdern. Lasst uns unsere Kr\u00e4fte b\u00fcndeln, um unsere Ziele zu erreichen\n                      und eine erfolgreiche Zukunft f\u00fcr unser Unternehmen zu gestalten.<\/p>\n                    <p>Mit Entschlossenheit und Weitsicht werden wir die Verwirklichung unserer Gesch\u00e4ftsziele erreichen und gleichzeitig einen positiven Einfluss auf die Welt haben. Gehen wir diesen Weg gemeinsam!<\/p>\n                    <p>Mit besten Gr\u00fc\u00dfen,<\/p>\n                    <p>[Ing. Robert Borkes MiM. MBI, Swissleadershipinstitute.com]<\/p>\n                    <p>\n                      <br>\n                    <\/p>\n                  <\/div>\n                <\/div>\n              <\/div>\n            <\/div>\n          <\/div>\n        <\/div>\n      <\/div>\n    <\/div>\n  <\/div>\n<\/div>","protected":false},"excerpt":{"rendered":"<p>Liebe Unternehmensleiter(in), Die Verwirklichung von Gesch\u00e4ftszielen ist eine Reise, die mit sorgf\u00e4ltiger Planung und einer klaren Strategie beginnt. In einer Welt, die sich st\u00e4ndig ver\u00e4ndert und vor neuen Herausforderungen steht, ist eine gute Strategie von entscheidender Bedeutung. Sie bildet das Fundament, auf dem Erfolg aufgebaut wird, und ebnet den Weg zu einer nachhaltigen Entwicklung und [&hellip;]<\/p>\n","protected":false},"author":1,"featured_media":0,"parent":0,"menu_order":0,"comment_status":"closed","ping_status":"closed","template":"page-templates\/full-width-page.php","meta":{"_et_pb_use_builder":"","_et_pb_old_content":"","_et_gb_content_width":"","footnotes":""},"class_list":["post-2573","page","type-page","status-publish","hentry"],"_links":{"self":[{"href":"https:\/\/swissleadershipinstitute.com\/index.php?rest_route=\/wp\/v2\/pages\/2573","targetHints":{"allow":["GET"]}}],"collection":[{"href":"https:\/\/swissleadershipinstitute.com\/index.php?rest_route=\/wp\/v2\/pages"}],"about":[{"href":"https:\/\/swissleadershipinstitute.com\/index.php?rest_route=\/wp\/v2\/types\/page"}],"author":[{"embeddable":true,"href":"https:\/\/swissleadershipinstitute.com\/index.php?rest_route=\/wp\/v2\/users\/1"}],"replies":[{"embeddable":true,"href":"https:\/\/swissleadershipinstitute.com\/index.php?rest_route=%2Fwp%2Fv2%2Fcomments&post=2573"}],"version-history":[{"count":3,"href":"https:\/\/swissleadershipinstitute.com\/index.php?rest_route=\/wp\/v2\/pages\/2573\/revisions"}],"predecessor-version":[{"id":2592,"href":"https:\/\/swissleadershipinstitute.com\/index.php?rest_route=\/wp\/v2\/pages\/2573\/revisions\/2592"}],"wp:attachment":[{"href":"https:\/\/swissleadershipinstitute.com\/index.php?rest_route=%2Fwp%2Fv2%2Fmedia&parent=2573"}],"curies":[{"name":"wp","href":"https:\/\/api.w.org\/{rel}","templated":true}]}}