{"id":2549,"date":"2023-06-23T05:11:43","date_gmt":"2023-06-23T05:11:43","guid":{"rendered":"http:\/\/swissleadershipinstitute.com\/?page_id=2549"},"modified":"2023-06-23T05:17:21","modified_gmt":"2023-06-23T05:17:21","slug":"ihre-vision-der-digitalen-transformation","status":"publish","type":"page","link":"https:\/\/swissleadershipinstitute.com\/?page_id=2549","title":{"rendered":"Ihre Vision der digitalen Transformation"},"content":{"rendered":"<div data-colibri-id=\"2549-c1\" class=\"style-442 style-local-2549-c1 position-relative\">\n  <!---->\n  <div data-colibri-component=\"section\" data-colibri-id=\"2549-c2\" id=\"custom\" class=\"h-section h-section-global-spacing d-flex align-items-lg-center align-items-md-center align-items-center style-443 style-local-2549-c2 position-relative\">\n    <!---->\n    <!---->\n    <div class=\"h-section-grid-container h-section-boxed-container\">\n      <!---->\n      <div data-colibri-id=\"2549-c3\" class=\"h-row-container gutters-row-lg-2 gutters-row-md-2 gutters-row-0 gutters-row-v-lg-2 gutters-row-v-md-2 gutters-row-v-2 style-444 style-local-2549-c3 position-relative\">\n        <!---->\n        <div class=\"h-row justify-content-lg-center justify-content-md-center justify-content-center align-items-lg-stretch align-items-md-stretch align-items-stretch gutters-col-lg-2 gutters-col-md-2 gutters-col-0 gutters-col-v-lg-2 gutters-col-v-md-2 gutters-col-v-2\">\n          <!---->\n          <div class=\"h-column h-column-container d-flex h-col-lg-auto h-col-md-auto h-col-auto style-445-outer style-local-2549-c4-outer\">\n            <div data-colibri-id=\"2549-c4\" class=\"d-flex h-flex-basis h-column__inner h-px-lg-2 h-px-md-2 h-px-2 v-inner-lg-2 v-inner-md-2 v-inner-2 style-445 style-local-2549-c4 position-relative\">\n              <!---->\n              <!---->\n              <div class=\"w-100 h-y-container h-column__content h-column__v-align flex-basis-100 align-self-lg-start align-self-md-start align-self-start\">\n                <!---->\n                <div data-colibri-id=\"2549-c5\" class=\"h-text h-text-component style-446 style-local-2549-c5 position-relative h-element\">\n                  <!---->\n                  <!---->\n                  <div class=\"\">\n                    <p>Konkrete, ehrgeizige Vision zur digitalen Transformation f\u00fcr Unternehmensf\u00fchrer:<\/p>\n                    <p>Unsere Vision ist es, eine digitale Transformation zu verwirklichen, die unsere Organisation zu einem Vorreiter in der digitalen \u00c4ra macht. Wir streben danach, die Grenzen des M\u00f6glichen zu \u00fcberschreiten und eine Kultur der Innovation,\n                      des Wandels und der digitalen Exzellenz zu schaffen.<\/p>\n                    <ol>\n                      <li><span style=\"font-weight: 700;\">Digitale Spitzenleistungen erreichen:<\/span> <em>Wir streben danach, branchenweit anerkannte digitale Spitzenleistungen zu erreichen. Unser Ziel ist es, Technologien und digitale L\u00f6sungen strategisch einzusetzen, um unseren Kunden einzigartige und erstklassige Produkte und Dienstleistungen anzubieten. Wir m\u00f6chten Vorreiter sein, wenn es um die Implementierung innovativer digitaler Technologien wie K\u00fcnstliche Intelligenz, Blockchain, Internet der Dinge und Cloud-Computing geht.<\/em><\/li>\n                      <li><span style=\"font-weight: 700;\">Kundenzentrierter digitaler Erfolg: <\/span><em>Wir sind entschlossen, unsere Kunden in den Mittelpunkt unserer digitalen Transformation zu stellen. Unser Fokus liegt darauf, ihnen personalisierte und nahtlose digitale Erlebnisse zu bieten, die ihre Bed\u00fcrfnisse und Erwartungen \u00fcbertreffen. Durch die Nutzung von Datenanalyse und Kundenfeedback m\u00f6chten wir ma\u00dfgeschneiderte L\u00f6sungen entwickeln, die ihren gesch\u00e4ftlichen Erfolg vorantreiben und ihnen einen Wettbewerbsvorteil verschaffen.<\/em><\/li>\n                      <li><span style=\"font-weight: 700;\">Agilit\u00e4t und Anpassungsf\u00e4higkeit:<\/span> <em>Wir streben danach, eine agile und anpassungsf\u00e4hige Organisation zu schaffen, die schnell auf sich \u00e4ndernde Marktbedingungen reagieren kann. Wir m\u00f6chten eine Kultur f\u00f6rdern, die den Wandel begr\u00fc\u00dft und Innovationen vorantreibt. Unsere F\u00fchrungskr\u00e4fte sollen als digitale Vordenker agieren und ihre Teams dazu inspirieren, neue Wege zu gehen und mutige digitale Strategien umzusetzen.<\/em><\/li>\n                      <li><span style=\"font-weight: 700;\">Digitale Kompetenz und E-Leadership:<\/span> <em>Wir setzen uns daf\u00fcr ein, digitale Kompetenzen und E-Leadership auf allen Ebenen unserer Organisation zu entwickeln. Wir m\u00f6chten sicherstellen, dass unsere F\u00fchrungskr\u00e4fte und Mitarbeiter \u00fcber das n\u00f6tige Wissen und die F\u00e4higkeiten verf\u00fcgen, um die digitale Transformation zu f\u00fchren. Wir investieren in Schulungen, Mentoring und den Austausch von Best Practices, um eine Kultur des lebenslangen Lernens und der kontinuierlichen Weiterentwicklung zu etablieren.<\/em><\/li>\n                      <li><span style=\"font-weight: 700;\">Nachhaltige Innovation: <\/span><em>Wir glauben an nachhaltige Innovation, die sowohl \u00f6konomisch als auch \u00f6kologisch und sozial verantwortungsbewusst ist. Wir m\u00f6chten digitale L\u00f6sungen entwickeln, die nicht nur unseren Unternehmenserfolg f\u00f6rdern, sondern auch einen positiven Beitrag zur Gesellschaft leisten und die Umwelt sch\u00fctzen. Wir m\u00f6chten ein Beispiel daf\u00fcr sein, wie Unternehmen durch digitale Transformation einen nachhaltigen Wandel vorantreiben k\u00f6nnen.<\/em><\/li>\n                    <\/ol>\n                    <p>Diese ehrgeizige Vision zur digitalen Transformation fordert uns als Unternehmensf\u00fchrer dazu auf, mutig voranzugehen, Risiken einzugehen und die digitale Zukunft aktiv zu gestalten. Indem wir diese Vision umsetzen, k\u00f6nnen wir eine\n                      herausragende Position in unserer Branche einnehmen und eine nachhaltige, erfolgreiche Zukunft f\u00fcr unsere Organisation schaffen.<\/p>\n                    <p>\n                      <br>\n                    <\/p>\n                  <\/div>\n                <\/div>\n              <\/div>\n            <\/div>\n          <\/div>\n        <\/div>\n      <\/div>\n    <\/div>\n  <\/div>\n<\/div>","protected":false},"excerpt":{"rendered":"<p>Konkrete, ehrgeizige Vision zur digitalen Transformation f\u00fcr Unternehmensf\u00fchrer: Unsere Vision ist es, eine digitale Transformation zu verwirklichen, die unsere Organisation zu einem Vorreiter in der digitalen \u00c4ra macht. Wir streben danach, die Grenzen des M\u00f6glichen zu \u00fcberschreiten und eine Kultur der Innovation, des Wandels und der digitalen Exzellenz zu schaffen. Digitale Spitzenleistungen erreichen: Wir streben [&hellip;]<\/p>\n","protected":false},"author":1,"featured_media":0,"parent":0,"menu_order":0,"comment_status":"closed","ping_status":"closed","template":"page-templates\/full-width-page.php","meta":{"_et_pb_use_builder":"","_et_pb_old_content":"","_et_gb_content_width":"","footnotes":""},"class_list":["post-2549","page","type-page","status-publish","hentry"],"_links":{"self":[{"href":"https:\/\/swissleadershipinstitute.com\/index.php?rest_route=\/wp\/v2\/pages\/2549","targetHints":{"allow":["GET"]}}],"collection":[{"href":"https:\/\/swissleadershipinstitute.com\/index.php?rest_route=\/wp\/v2\/pages"}],"about":[{"href":"https:\/\/swissleadershipinstitute.com\/index.php?rest_route=\/wp\/v2\/types\/page"}],"author":[{"embeddable":true,"href":"https:\/\/swissleadershipinstitute.com\/index.php?rest_route=\/wp\/v2\/users\/1"}],"replies":[{"embeddable":true,"href":"https:\/\/swissleadershipinstitute.com\/index.php?rest_route=%2Fwp%2Fv2%2Fcomments&post=2549"}],"version-history":[{"count":3,"href":"https:\/\/swissleadershipinstitute.com\/index.php?rest_route=\/wp\/v2\/pages\/2549\/revisions"}],"predecessor-version":[{"id":2568,"href":"https:\/\/swissleadershipinstitute.com\/index.php?rest_route=\/wp\/v2\/pages\/2549\/revisions\/2568"}],"wp:attachment":[{"href":"https:\/\/swissleadershipinstitute.com\/index.php?rest_route=%2Fwp%2Fv2%2Fmedia&parent=2549"}],"curies":[{"name":"wp","href":"https:\/\/api.w.org\/{rel}","templated":true}]}}