{"id":2532,"date":"2023-06-22T06:57:53","date_gmt":"2023-06-22T06:57:53","guid":{"rendered":"http:\/\/swissleadershipinstitute.com\/?page_id=2532"},"modified":"2024-09-19T19:42:43","modified_gmt":"2024-09-19T19:42:43","slug":"unsere-mission","status":"publish","type":"page","link":"https:\/\/swissleadershipinstitute.com\/?page_id=2532","title":{"rendered":"Unsere Mission"},"content":{"rendered":"<div data-colibri-id=\"2532-c1\" class=\"style-435 style-local-2532-c1 position-relative\">\n  <!---->\n  <div data-colibri-component=\"section\" data-colibri-id=\"2532-c2\" id=\"mission\" class=\"h-section h-section-global-spacing d-flex align-items-lg-center align-items-md-center align-items-center style-836 style-local-2532-c2 position-relative\">\n    <!---->\n    <!---->\n    <div class=\"h-section-grid-container h-section-boxed-container\">\n      <!---->\n      <div data-colibri-id=\"2532-c3\" class=\"h-row-container gutters-row-lg-2 gutters-row-md-2 gutters-row-2 gutters-row-v-lg-2 gutters-row-v-md-2 gutters-row-v-2 style-837 style-local-2532-c3 position-relative\">\n        <!---->\n        <div class=\"h-row justify-content-lg-center justify-content-md-center justify-content-center align-items-lg-stretch align-items-md-stretch align-items-stretch gutters-col-lg-2 gutters-col-md-2 gutters-col-2 gutters-col-v-lg-2 gutters-col-v-md-2 gutters-col-v-2\">\n          <!---->\n          <div class=\"h-column h-column-container d-flex h-col-lg-auto h-col-md-auto h-col-auto style-838-outer style-local-2532-c4-outer\">\n            <div data-colibri-id=\"2532-c4\" class=\"d-flex h-flex-basis h-column__inner h-px-lg-2 h-px-md-2 h-px-2 v-inner-lg-2 v-inner-md-2 v-inner-2 style-838 style-local-2532-c4 position-relative\">\n              <!---->\n              <!---->\n              <div class=\"w-100 h-y-container h-column__content h-column__v-align flex-basis-100 align-self-lg-start align-self-md-start align-self-start\">\n                <!---->\n                <div data-colibri-id=\"2532-c5\" class=\"h-global-transition-all h-heading style-839 style-local-2532-c5 position-relative h-element\">\n                  <!---->\n                  <div class=\"h-heading__outer style-839 style-local-2532-c5\">\n                    <!---->\n                    <!---->\n                    <h2 class=\"\">Mission<\/h2>\n                  <\/div>\n                <\/div>\n                <div data-colibri-id=\"2532-c6\" class=\"d-block style-840 style-local-2532-c6 position-relative h-element\">\n                  <!---->\n                  <div class=\"h-image__frame-container-outer\">\n                    <div class=\"h-image__frame-container\">\n                      <!---->\n                      <!---->\n                      <img decoding=\"async\" src=\"https:\/\/swissleadershipinstitute.com\/wp-content\/uploads\/2024\/09\/colibri-image-686.jpg\" class=\"wp-image-430 style-840-image style-local-2532-c6-image\" alt=\"\" \/>\n                      <div class=\"h-image__frame h-hide-lg h-hide-md h-hide-sm style-840-frameImage style-local-2532-c6-frameImage\"><\/div>\n                    <\/div>\n                  <\/div>\n                <\/div>\n              <\/div>\n            <\/div>\n          <\/div>\n          <div class=\"h-column h-column-container d-flex h-col-lg-auto h-col-md-auto h-col-auto style-841-outer style-local-2532-c7-outer\">\n            <div data-colibri-id=\"2532-c7\" class=\"d-flex h-flex-basis h-column__inner h-px-lg-2 h-px-md-2 h-px-2 v-inner-lg-2 v-inner-md-2 v-inner-2 style-841 style-local-2532-c7 position-relative\">\n              <!---->\n              <!---->\n              <div class=\"w-100 h-y-container h-column__content h-column__v-align flex-basis-100 align-self-lg-start align-self-md-start align-self-start\">\n                <!---->\n                <div data-colibri-id=\"2532-c8\" class=\"style-842 style-local-2532-c8 h-hide-sm position-relative h-element\">\n                  <!---->\n                <\/div>\n                <div data-toggle=\"true\" data-is-preview=\"true\" data-colibri-component=\"accordion\" data-colibri-id=\"2532-c9\" class=\"h-accordion style-843 style-local-2532-c9 position-relative h-element\">\n                  <!---->\n                  <div data-colibri-id=\"2532-c10\" class=\"h-accordion-item h-accordion-item-first-child style-844 style-local-2532-c10 position-relative h-element\">\n                    <!---->\n                    <a data-open-by-default=\"true\" href=\"#2532-c10\" class=\"h-accordion-item-title d-flex align-items-center h-global-transition\">\n                      <!----><span>Unsere Mission<\/span>\n                      <div class=\"h-accordion-item-title-normal-icon h-accordion-item-title-icon h-accordion-item-title-icon-right\"><span class=\"h-svg-icon\"><!--Icon by Icons8 Line Awesome (https:\/\/icons8.com\/line-awesome)--><svg version=\"1.1\" xmlns=\"http:\/\/www.w3.org\/2000\/svg\" xmlns:xlink=\"http:\/\/www.w3.org\/1999\/xlink\" id=\"plus\" viewBox=\"0 0 512 545.5\"><path d=\"M240 112h32v160h160v32H272v160h-32V304H80v-32h160V112z\"><\/path><\/svg><\/span><\/div>\n                      <div class=\"h-accordion-item-title-active-icon h-accordion-item-title-icon h-accordion-item-title-icon-right\"><span class=\"h-svg-icon\"><!--Icon by Icons8 Line Awesome (https:\/\/icons8.com\/line-awesome)--><svg version=\"1.1\" xmlns=\"http:\/\/www.w3.org\/2000\/svg\" xmlns:xlink=\"http:\/\/www.w3.org\/1999\/xlink\" id=\"minus\" viewBox=\"0 0 512 545.5\"><path d=\"M80 272h352v32H80v-32z\"><\/path><\/svg><\/span><\/div>\n                    <\/a>\n                    <div id=\"2532-c10\" class=\"h-accordion-item-content__container\">\n                      <div class=\"w-100 h-y-container h-accordion-item-content\">\n                        <!---->\n                        <div data-colibri-id=\"2532-c11\" class=\"h-text h-text-component style-845 style-local-2532-c11 position-relative h-element\">\n                          <!---->\n                          <!---->\n                          <div class=\"\">\n                            <p><span style=\"color: rgb(0, 0, 0); font-family: &quot;Open Sans&quot;; font-size: 16px; font-weight: 400;\">Unsere Mission ist es, unsere Kunden zielgerichtet, l\u00f6sungsorientiert und nachhaltig auf ihrer digitalen Transformationsreise zu begleiten und ihnen dabei zu helfen, E-Leadership und digitale Kompetenzen zu entwickeln.<\/span><\/p>\n                          <\/div>\n                        <\/div>\n                      <\/div>\n                    <\/div>\n                  <\/div>\n                  <div data-colibri-id=\"2532-c12\" class=\"h-accordion-item style-849 style-local-2532-c12 position-relative h-element\">\n                    <!---->\n                    <a data-open-by-default=\"false\" href=\"#2532-c12\" class=\"h-accordion-item-title d-flex align-items-center h-global-transition\">\n                      <!----><span>Zielgerichtet<\/span>\n                      <div class=\"h-accordion-item-title-normal-icon h-accordion-item-title-icon h-accordion-item-title-icon-right\"><span class=\"h-svg-icon\"><!--Icon by Icons8 Line Awesome (https:\/\/icons8.com\/line-awesome)--><svg version=\"1.1\" xmlns=\"http:\/\/www.w3.org\/2000\/svg\" xmlns:xlink=\"http:\/\/www.w3.org\/1999\/xlink\" id=\"plus\" viewBox=\"0 0 512 545.5\"><path d=\"M240 112h32v160h160v32H272v160h-32V304H80v-32h160V112z\"><\/path><\/svg><\/span><\/div>\n                      <div class=\"h-accordion-item-title-active-icon h-accordion-item-title-icon h-accordion-item-title-icon-right\"><span class=\"h-svg-icon\"><!--Icon by Icons8 Line Awesome (https:\/\/icons8.com\/line-awesome)--><svg version=\"1.1\" xmlns=\"http:\/\/www.w3.org\/2000\/svg\" xmlns:xlink=\"http:\/\/www.w3.org\/1999\/xlink\" id=\"minus\" viewBox=\"0 0 512 545.5\"><path d=\"M80 272h352v32H80v-32z\"><\/path><\/svg><\/span><\/div>\n                    <\/a>\n                    <div id=\"2532-c12\" class=\"h-accordion-item-content__container\">\n                      <div class=\"w-100 h-y-container h-accordion-item-content\">\n                        <!---->\n                        <div data-colibri-id=\"2532-c13\" class=\"h-text h-text-component style-850 style-local-2532-c13 position-relative h-element\">\n                          <!---->\n                          <!---->\n                          <div class=\"\">\n                            <p><span style=\"color: rgb(0, 0, 0); font-family: &quot;Open Sans&quot;; font-size: 16px; font-weight: 400;\">Zielgerichtet: Wir setzen uns das klare Ziel, unseren Kunden dabei zu helfen, ihre digitale Transformation erfolgreich umzusetzen. Wir identifizieren ihre individuellen Ziele und Bed\u00fcrfnisse, um ma\u00dfgeschneiderte L\u00f6sungen anzubieten, die ihre spezifischen Herausforderungen bew\u00e4ltigen und ihre gew\u00fcnschten Ergebnisse erreichen.<\/span><\/p>\n                          <\/div>\n                        <\/div>\n                      <\/div>\n                    <\/div>\n                  <\/div>\n                  <div data-colibri-id=\"2532-c14\" class=\"h-accordion-item style-847 style-local-2532-c14 position-relative h-element\">\n                    <!---->\n                    <a data-open-by-default=\"false\" href=\"#2532-c14\" class=\"h-accordion-item-title d-flex align-items-center h-global-transition\">\n                      <!----><span>L\u00f6sungsorientiert<\/span>\n                      <div class=\"h-accordion-item-title-normal-icon h-accordion-item-title-icon h-accordion-item-title-icon-right\"><span class=\"h-svg-icon\"><!--Icon by Icons8 Line Awesome (https:\/\/icons8.com\/line-awesome)--><svg version=\"1.1\" xmlns=\"http:\/\/www.w3.org\/2000\/svg\" xmlns:xlink=\"http:\/\/www.w3.org\/1999\/xlink\" id=\"plus\" viewBox=\"0 0 512 545.5\"><path d=\"M240 112h32v160h160v32H272v160h-32V304H80v-32h160V112z\"><\/path><\/svg><\/span><\/div>\n                      <div class=\"h-accordion-item-title-active-icon h-accordion-item-title-icon h-accordion-item-title-icon-right\"><span class=\"h-svg-icon\"><!--Icon by Icons8 Line Awesome (https:\/\/icons8.com\/line-awesome)--><svg version=\"1.1\" xmlns=\"http:\/\/www.w3.org\/2000\/svg\" xmlns:xlink=\"http:\/\/www.w3.org\/1999\/xlink\" id=\"minus\" viewBox=\"0 0 512 545.5\"><path d=\"M80 272h352v32H80v-32z\"><\/path><\/svg><\/span><\/div>\n                    <\/a>\n                    <div id=\"2532-c14\" class=\"h-accordion-item-content__container\">\n                      <div class=\"w-100 h-y-container h-accordion-item-content\">\n                        <!---->\n                        <div data-colibri-id=\"2532-c15\" class=\"h-text h-text-component style-848 style-local-2532-c15 position-relative h-element\">\n                          <!---->\n                          <!---->\n                          <div class=\"\">\n                            <p><span style=\"font-weight: 400; font-size: 16px; font-family: &quot;Open Sans&quot;; color: rgb(0, 0, 0);\">L\u00f6sungsorientiert: Wir konzentrieren uns auf die Entwicklung und Umsetzung von praxisorientierten L\u00f6sungen. Wir analysieren sorgf\u00e4ltig die Anforderungen unserer Kunden und bieten ihnen die notwendigen Werkzeuge, Schulungen und Beratungsdienste, um digitale Kompetenzen aufzubauen und E-Leadership zu st\u00e4rken. Wir suchen nach innovativen Ans\u00e4tzen und Best Practices, um ihnen effektive Strategien f\u00fcr ihre digitale Transformation bereitzustellen.<\/span><\/p>\n                          <\/div>\n                        <\/div>\n                      <\/div>\n                    <\/div>\n                  <\/div>\n                  <div data-colibri-id=\"2532-c16\" class=\"h-accordion-item style-852 style-local-2532-c16 position-relative h-element\">\n                    <!---->\n                    <a data-open-by-default=\"false\" href=\"#2532-c16\" class=\"h-accordion-item-title d-flex align-items-center h-global-transition\">\n                      <!----><span>Nachhaltig<\/span>\n                      <div class=\"h-accordion-item-title-normal-icon h-accordion-item-title-icon h-accordion-item-title-icon-right\"><span class=\"h-svg-icon\"><!--Icon by Icons8 Line Awesome (https:\/\/icons8.com\/line-awesome)--><svg version=\"1.1\" xmlns=\"http:\/\/www.w3.org\/2000\/svg\" xmlns:xlink=\"http:\/\/www.w3.org\/1999\/xlink\" id=\"plus\" viewBox=\"0 0 512 545.5\"><path d=\"M240 112h32v160h160v32H272v160h-32V304H80v-32h160V112z\"><\/path><\/svg><\/span><\/div>\n                      <div class=\"h-accordion-item-title-active-icon h-accordion-item-title-icon h-accordion-item-title-icon-right\"><span class=\"h-svg-icon\"><!--Icon by Icons8 Line Awesome (https:\/\/icons8.com\/line-awesome)--><svg version=\"1.1\" xmlns=\"http:\/\/www.w3.org\/2000\/svg\" xmlns:xlink=\"http:\/\/www.w3.org\/1999\/xlink\" id=\"minus\" viewBox=\"0 0 512 545.5\"><path d=\"M80 272h352v32H80v-32z\"><\/path><\/svg><\/span><\/div>\n                    <\/a>\n                    <div id=\"2532-c16\" class=\"h-accordion-item-content__container\">\n                      <div class=\"w-100 h-y-container h-accordion-item-content\">\n                        <!---->\n                        <div data-colibri-id=\"2532-c17\" class=\"h-text h-text-component style-853 style-local-2532-c17 position-relative h-element\">\n                          <!---->\n                          <!---->\n                          <div class=\"\">\n                            <p><span style=\"font-weight: 400; font-size: 16px; font-family: &quot;Open Sans&quot;; color: rgb(0, 0, 0);\">Nachhaltig: Wir legen Wert auf langfristige Erfolge und Nachhaltigkeit. Wir unterst\u00fctzen unsere Kunden dabei, eine solide Grundlage f\u00fcr ihre digitale Zukunft zu schaffen, indem wir ihnen helfen, ihre digitalen Kompetenzen kontinuierlich zu verbessern und E-Leadership als einen integralen Bestandteil ihrer Organisation zu etablieren. Wir f\u00f6rdern den Aufbau einer nachhaltigen digitalen Kultur, die Anpassungsf\u00e4higkeit und kontinuierliche Weiterentwicklung f\u00f6rdert.<\/span><\/p>\n                          <\/div>\n                        <\/div>\n                      <\/div>\n                    <\/div>\n                  <\/div>\n                  <div data-colibri-id=\"2532-c18\" class=\"h-accordion-item style-854 style-local-2532-c18 position-relative h-element\">\n                    <!---->\n                    <a data-open-by-default=\"false\" href=\"#2532-c18\" class=\"h-accordion-item-title d-flex align-items-center h-global-transition\">\n                      <!----><span>Digitale Kompetenzen<\/span>\n                      <div class=\"h-accordion-item-title-normal-icon h-accordion-item-title-icon h-accordion-item-title-icon-right\"><span class=\"h-svg-icon\"><!--Icon by Icons8 Line Awesome (https:\/\/icons8.com\/line-awesome)--><svg version=\"1.1\" xmlns=\"http:\/\/www.w3.org\/2000\/svg\" xmlns:xlink=\"http:\/\/www.w3.org\/1999\/xlink\" id=\"plus\" viewBox=\"0 0 512 545.5\"><path d=\"M240 112h32v160h160v32H272v160h-32V304H80v-32h160V112z\"><\/path><\/svg><\/span><\/div>\n                      <div class=\"h-accordion-item-title-active-icon h-accordion-item-title-icon h-accordion-item-title-icon-right\"><span class=\"h-svg-icon\"><!--Icon by Icons8 Line Awesome (https:\/\/icons8.com\/line-awesome)--><svg version=\"1.1\" xmlns=\"http:\/\/www.w3.org\/2000\/svg\" xmlns:xlink=\"http:\/\/www.w3.org\/1999\/xlink\" id=\"minus\" viewBox=\"0 0 512 545.5\"><path d=\"M80 272h352v32H80v-32z\"><\/path><\/svg><\/span><\/div>\n                    <\/a>\n                    <div id=\"2532-c18\" class=\"h-accordion-item-content__container\">\n                      <div class=\"w-100 h-y-container h-accordion-item-content\">\n                        <!---->\n                        <div data-colibri-id=\"2532-c19\" class=\"h-text h-text-component style-855 style-local-2532-c19 position-relative h-element\">\n                          <!---->\n                          <!---->\n                          <div class=\"\">\n                            <p><span style=\"font-weight: 400; font-size: 16px; font-family: &quot;Open Sans&quot;; color: rgb(0, 0, 0);\">Durch unsere zielgerichtete, l\u00f6sungsorientierte und nachhaltige Herangehensweise an die digitale Transformation in Bezug auf E-Leadership und digitale Kompetenzen streben wir danach, unseren Kunden den Weg zu einem erfolgreichen und zukunftsf\u00e4higen digitalen Unternehmen zu ebnen.<\/span><\/p>\n                          <\/div>\n                        <\/div>\n                      <\/div>\n                    <\/div>\n                  <\/div>\n                <\/div>\n              <\/div>\n            <\/div>\n          <\/div>\n        <\/div>\n      <\/div>\n    <\/div>\n  <\/div>\n  <div data-colibri-component=\"section\" data-colibri-id=\"2532-c20\" id=\"about\" class=\"h-section h-section-global-spacing d-flex align-items-lg-center align-items-md-center align-items-center style-825 style-local-2532-c20 position-relative\">\n    <!---->\n    <!---->\n    <div class=\"h-section-grid-container h-section-boxed-container\">\n      <!---->\n      <div data-colibri-id=\"2532-c21\" class=\"h-row-container gutters-row-lg-0 gutters-row-md-0 gutters-row-0 gutters-row-v-lg-0 gutters-row-v-md-0 gutters-row-v-0 style-826 style-local-2532-c21 position-relative\">\n        <!---->\n        <div class=\"h-row justify-content-lg-center justify-content-md-center justify-content-center align-items-lg-stretch align-items-md-stretch align-items-stretch gutters-col-lg-0 gutters-col-md-0 gutters-col-0 gutters-col-v-lg-0 gutters-col-v-md-0 gutters-col-v-0\">\n          <!---->\n          <div class=\"h-column h-column-container d-flex h-col-lg-auto h-col-md-auto h-col-auto style-827-outer style-local-2532-c22-outer\">\n            <div data-colibri-id=\"2532-c22\" class=\"d-flex h-flex-basis h-column__inner h-px-lg-0 h-px-md-0 h-px-0 v-inner-lg-0 v-inner-md-0 v-inner-0 style-827 style-local-2532-c22 position-relative\">\n              <!---->\n              <!---->\n              <div class=\"w-100 h-y-container h-column__content h-column__v-align flex-basis-100 align-self-lg-start align-self-md-start align-self-start\">\n                <!---->\n                <div data-colibri-id=\"2532-c23\" class=\"h-global-transition-all h-heading style-828 style-local-2532-c23 position-relative h-element\">\n                  <!---->\n                  <div class=\"h-heading__outer style-828 style-local-2532-c23\">\n                    <!---->\n                    <!---->\n                    <h5 class=\"\">Uber uns:<\/h5>\n                  <\/div>\n                <\/div>\n                <div data-colibri-id=\"2532-c24\" class=\"h-global-transition-all h-heading style-829 style-local-2532-c24 position-relative h-element\">\n                  <!---->\n                  <div class=\"h-heading__outer style-829 style-local-2532-c24\">\n                    <!---->\n                    <!---->\n                    <h2 class=\"\">Lassen Sie mich uns in <em style=\"font-family: &quot;Playfair Display&quot;;\">diesem<\/em> Video kurz vorstellen<\/h2>\n                  <\/div>\n                <\/div>\n              <\/div>\n            <\/div>\n          <\/div>\n          <div class=\"h-column h-column-container d-flex h-col-lg-auto h-col-md-auto h-col-auto style-831-outer style-local-2532-c25-outer\">\n            <div data-colibri-id=\"2532-c25\" class=\"d-flex h-flex-basis h-column__inner h-px-lg-0 h-px-md-0 h-px-0 v-inner-lg-0 v-inner-md-0 v-inner-0 style-831 style-local-2532-c25 position-relative\">\n              <!---->\n              <!---->\n              <div class=\"w-100 h-y-container h-column__content h-column__v-align flex-basis-100 align-self-lg-center align-self-md-center align-self-start\">\n                <!---->\n                <div data-colibri-component=\"video\" data-colibri-id=\"2532-c26\" class=\"d-block h-video d-block h-video style-832 style-local-2532-c26 position-relative h-element\">\n                  <!---->\n                  <div class=\"video-poster\" style=\"background-image: url(&quot;https:\/\/swissleadershipinstitute.com\/wp-content\/uploads\/2023\/07\/colibri-image-24.png&quot;);\">\n                    <div class=\"poster-container\">\n                      <div data-colibri-id=\"2532-c27\" class=\"h-icon style-835 style-local-2532-c27 position-relative h-element\">\n                        <!----><span class=\"h-svg-icon h-icon__icon style-835-icon style-local-2532-c27-icon\"><!--Icon by Font Awesome (https:\/\/fontawesome.com)-->\n    <svg version=\"1.1\" xmlns=\"http:\/\/www.w3.org\/2000\/svg\" xmlns:xlink=\"http:\/\/www.w3.org\/1999\/xlink\" id=\"play\" viewBox=\"0 0 1408 1896.0833\">\n      <path d=\"M1384 927L56 1665q-23 13-39.5 3T0 1632V160q0-26 16.5-36t39.5 3l1328 738q23 13 23 31t-23 31z\"><\/path>\n    <\/svg><\/span><\/div>\n                    <\/div>\n                  <\/div>\n                  <div class=\"video-container position-relative\">\n                    <div class=\"h-global-transition-all ratio-inner\"><video class='h-video-main' controls ><source src=https:\/\/swissleadershipinstitute.com\/wp-content\/uploads\/2024\/09\/swissleadershipinstitute.com_.mp4 type='video\/mp4' \/><\/video><\/div>\n                  <\/div>\n                <\/div>\n              <\/div>\n            <\/div>\n          <\/div>\n        <\/div>\n      <\/div>\n    <\/div>\n  <\/div>\n  <div data-colibri-component=\"section\" data-colibri-id=\"2532-c28\" id=\"custom\" class=\"h-section h-section-global-spacing d-flex align-items-lg-center align-items-md-center align-items-center style-436 style-local-2532-c28 position-relative\">\n    <!---->\n    <!---->\n    <div class=\"h-section-grid-container h-section-boxed-container\">\n      <!---->\n      <div data-colibri-id=\"2532-c29\" class=\"h-row-container gutters-row-lg-2 gutters-row-md-2 gutters-row-0 gutters-row-v-lg-2 gutters-row-v-md-2 gutters-row-v-2 style-437 style-local-2532-c29 position-relative\">\n        <!---->\n        <div class=\"h-row justify-content-lg-center justify-content-md-center justify-content-center align-items-lg-stretch align-items-md-stretch align-items-stretch gutters-col-lg-2 gutters-col-md-2 gutters-col-0 gutters-col-v-lg-2 gutters-col-v-md-2 gutters-col-v-2\">\n          <!---->\n          <div class=\"h-column h-column-container d-flex h-col-lg-auto h-col-md-auto h-col-auto style-438-outer style-local-2532-c30-outer\">\n            <div data-colibri-id=\"2532-c30\" class=\"d-flex h-flex-basis h-column__inner h-ui-empty-state-container h-px-lg-2 h-px-md-2 h-px-2 v-inner-lg-2 v-inner-md-2 v-inner-2 style-438 style-local-2532-c30 position-relative\">\n              <!---->\n              <!---->\n              <div class=\"w-100 h-y-container h-column__content h-column__v-align flex-basis-100\">\n                <!---->\n              <\/div>\n            <\/div>\n          <\/div>\n        <\/div>\n      <\/div>\n    <\/div>\n  <\/div>\n<\/div>","protected":false},"excerpt":{"rendered":"<p>Mission Unsere Mission Unsere Mission ist es, unsere Kunden zielgerichtet, l\u00f6sungsorientiert und nachhaltig auf ihrer digitalen Transformationsreise zu begleiten und ihnen dabei zu helfen, E-Leadership und digitale Kompetenzen zu entwickeln. Zielgerichtet Zielgerichtet: Wir setzen uns das klare Ziel, unseren Kunden dabei zu helfen, ihre digitale Transformation erfolgreich umzusetzen. Wir identifizieren ihre individuellen Ziele und Bed\u00fcrfnisse, [&hellip;]<\/p>\n","protected":false},"author":1,"featured_media":0,"parent":0,"menu_order":0,"comment_status":"closed","ping_status":"closed","template":"page-templates\/full-width-page.php","meta":{"_et_pb_use_builder":"","_et_pb_old_content":"","_et_gb_content_width":"","footnotes":""},"class_list":["post-2532","page","type-page","status-publish","hentry"],"_links":{"self":[{"href":"https:\/\/swissleadershipinstitute.com\/index.php?rest_route=\/wp\/v2\/pages\/2532","targetHints":{"allow":["GET"]}}],"collection":[{"href":"https:\/\/swissleadershipinstitute.com\/index.php?rest_route=\/wp\/v2\/pages"}],"about":[{"href":"https:\/\/swissleadershipinstitute.com\/index.php?rest_route=\/wp\/v2\/types\/page"}],"author":[{"embeddable":true,"href":"https:\/\/swissleadershipinstitute.com\/index.php?rest_route=\/wp\/v2\/users\/1"}],"replies":[{"embeddable":true,"href":"https:\/\/swissleadershipinstitute.com\/index.php?rest_route=%2Fwp%2Fv2%2Fcomments&post=2532"}],"version-history":[{"count":20,"href":"https:\/\/swissleadershipinstitute.com\/index.php?rest_route=\/wp\/v2\/pages\/2532\/revisions"}],"predecessor-version":[{"id":5095,"href":"https:\/\/swissleadershipinstitute.com\/index.php?rest_route=\/wp\/v2\/pages\/2532\/revisions\/5095"}],"wp:attachment":[{"href":"https:\/\/swissleadershipinstitute.com\/index.php?rest_route=%2Fwp%2Fv2%2Fmedia&parent=2532"}],"curies":[{"name":"wp","href":"https:\/\/api.w.org\/{rel}","templated":true}]}}