{"id":2513,"date":"2023-06-22T06:19:43","date_gmt":"2023-06-22T06:19:43","guid":{"rendered":"http:\/\/swissleadershipinstitute.com\/?page_id=2513"},"modified":"2025-02-26T14:23:09","modified_gmt":"2025-02-26T14:23:09","slug":"colibri-2513","status":"publish","type":"page","link":"https:\/\/swissleadershipinstitute.com\/?page_id=2513","title":{"rendered":"Unsere Vision"},"content":{"rendered":"[et_pb_section admin_label=&#8221;section&#8221;]\n\t\t\t[et_pb_row admin_label=&#8221;row&#8221;]\n\t\t\t\t[et_pb_column type=&#8221;4_4&#8243;][et_pb_text admin_label=&#8221;Text&#8221;]<div data-colibri-id=\"2513-c1\" class=\"style-428 style-local-2513-c1 position-relative\">\r\n  <!---->\r\n  <div data-colibri-component=\"section\" data-colibri-id=\"2513-c2\" id=\"custom\" class=\"h-section h-section-global-spacing d-flex align-items-lg-center align-items-md-center align-items-center style-429 style-local-2513-c2 position-relative\">\r\n    <!---->\r\n    <!---->\r\n    <div class=\"h-section-grid-container h-section-boxed-container\">\r\n      <!---->\r\n      <div data-colibri-id=\"2513-c3\" class=\"h-row-container gutters-row-lg-2 gutters-row-md-2 gutters-row-0 gutters-row-v-lg-2 gutters-row-v-md-2 gutters-row-v-2 style-430 style-local-2513-c3 position-relative\">\r\n        <!---->\r\n        <div class=\"h-row justify-content-lg-center justify-content-md-center justify-content-center align-items-lg-stretch align-items-md-stretch align-items-stretch gutters-col-lg-2 gutters-col-md-2 gutters-col-0 gutters-col-v-lg-2 gutters-col-v-md-2 gutters-col-v-2\">\r\n          <!---->\r\n          <div class=\"h-column h-column-container d-flex h-col-lg-auto h-col-md-auto h-col-auto style-431-outer style-local-2513-c4-outer\">\r\n            <div data-colibri-id=\"2513-c4\" class=\"d-flex h-flex-basis h-column__inner h-px-lg-2 h-px-md-2 h-px-2 v-inner-lg-2 v-inner-md-2 v-inner-2 style-431 style-local-2513-c4 position-relative\">\r\n              <!---->\r\n              <!---->\r\n              <div class=\"w-100 h-y-container h-column__content h-column__v-align flex-basis-100 align-self-lg-start align-self-md-start align-self-start\">\r\n                <!---->\r\n                <div data-colibri-id=\"2513-c7\" class=\"d-block style-434 style-local-2513-c7 position-relative h-element\">\r\n                  <!---->\r\n                  <div class=\"h-image__frame-container-outer\">\r\n                    <div class=\"h-image__frame-container\">\r\n                      <!---->\r\n                      <!---->\r\n                      <img loading=\"lazy\" decoding=\"async\" width=\"2560\" height=\"1709\" src=\"https:\/\/swissleadershipinstitute.com\/wp-content\/uploads\/2023\/06\/pexels-kampus-production-8428051-scaled.jpg\" class=\"wp-image-2516 style-434-image style-local-2513-c7-image\" alt=\"\" srcset=\"https:\/\/swissleadershipinstitute.com\/wp-content\/uploads\/2023\/06\/pexels-kampus-production-8428051-scaled.jpg 2560w, https:\/\/swissleadershipinstitute.com\/wp-content\/uploads\/2023\/06\/pexels-kampus-production-8428051-300x200.jpg 300w, https:\/\/swissleadershipinstitute.com\/wp-content\/uploads\/2023\/06\/pexels-kampus-production-8428051-1024x684.jpg 1024w, https:\/\/swissleadershipinstitute.com\/wp-content\/uploads\/2023\/06\/pexels-kampus-production-8428051-768x513.jpg 768w, https:\/\/swissleadershipinstitute.com\/wp-content\/uploads\/2023\/06\/pexels-kampus-production-8428051-1536x1025.jpg 1536w, https:\/\/swissleadershipinstitute.com\/wp-content\/uploads\/2023\/06\/pexels-kampus-production-8428051-2048x1367.jpg 2048w\" sizes=\"(max-width: 2560px) 100vw, 2560px\" \/>\r\n                      <div class=\"h-image__frame h-hide-lg h-hide-md h-hide-sm style-434-frameImage style-local-2513-c7-frameImage\"><\/div>\r\n                    <\/div>\r\n                  <\/div>\r\n                <\/div>\r\n              <\/div>\r\n            <\/div>\r\n          <\/div>\r\n          <div class=\"h-column h-column-container d-flex h-col-lg-auto h-col-md-auto h-col-auto style-432-outer style-local-2513-c5-outer\">\r\n            <div data-colibri-id=\"2513-c5\" class=\"d-flex h-flex-basis h-column__inner h-px-lg-2 h-px-md-2 h-px-2 v-inner-lg-2 v-inner-md-2 v-inner-2 style-432 style-local-2513-c5 position-relative\">\r\n              <div class=\"background-wrapper\">\r\n                <div class=\"background-layer background-layer-media-container-lg\">\r\n                  <!---->\r\n                  <div class=\"overlay-layer\">\r\n                    <div class=\"overlay-image-layer\" style=\"background-color: rgb(49, 113, 157); opacity: 0.5;\"><\/div>\r\n                  <\/div>\r\n                <\/div>\r\n                <div class=\"background-layer background-layer-media-container-md\">\r\n                  <!---->\r\n                  <div class=\"overlay-layer\">\r\n                    <div class=\"overlay-image-layer\" style=\"background-color: rgb(49, 113, 157); opacity: 0.5;\"><\/div>\r\n                  <\/div>\r\n                <\/div>\r\n                <div class=\"background-layer background-layer-media-container\">\r\n                  <!---->\r\n                  <div class=\"overlay-layer\">\r\n                    <div class=\"overlay-image-layer\" style=\"background-color: rgb(49, 113, 157); opacity: 0.5;\"><\/div>\r\n                  <\/div>\r\n                <\/div>\r\n              <\/div>\r\n              <!---->\r\n              <div class=\"w-100 h-y-container h-column__content h-column__v-align flex-basis-100 align-self-lg-start align-self-md-start align-self-start\">\r\n                <!---->\r\n                <div data-colibri-id=\"2513-c6\" class=\"h-text h-text-component style-433 style-local-2513-c6 position-relative h-element\">\r\n                  <!---->\r\n                  <!---->\r\n                  <div class=\"\">\r\n                    <p>Unsere Vision ist es, eine f\u00fchrende Rolle bei der digitalen Transformation unserer Kunden einzunehmen, indem wir ihnen helfen, E-Leadership zu entwickeln und ihre digitalen Kompetenzen zu st\u00e4rken. Wir erkennen die Bedeutung der digitalen\r\n                      Revolution f\u00fcr Unternehmen und Organisationen und sind bestrebt, unsere Kunden auf diesem Weg zu begleiten und zu bef\u00e4higen, die Chancen der digitalen Welt erfolgreich zu nutzen.<\/p>\r\n                    <p>Unsere Vision basiert auf drei grundlegenden Prinzipien:<\/p>\r\n                    <ol>\r\n                      <li>Partnerschaftliche Zusammenarbeit: Wir verstehen uns als Partner unserer Kunden und setzen uns daf\u00fcr ein, eine enge und vertrauensvolle Zusammenarbeit aufzubauen. Wir h\u00f6ren aufmerksam zu, um ihre individuellen Bed\u00fcrfnisse und Herausforderungen\r\n                        zu verstehen und ma\u00dfgeschneiderte L\u00f6sungen anzubieten. Durch eine partnerschaftliche Beziehung schaffen wir eine solide Grundlage f\u00fcr den erfolgreichen digitalen Wandel.<\/li>\r\n                      <li>Erm\u00e4chtigung und Bef\u00e4higung: Wir m\u00f6chten unsere Kunden erm\u00e4chtigen und bef\u00e4higen, ihre eigene digitale Transformation zu f\u00fchren. Wir bieten gezielte Schulungen, Ressourcen und Beratung an, um ihre E-Leadership-F\u00e4higkeiten zu st\u00e4rken\r\n                        und ihre digitalen Kompetenzen auszubauen. Indem wir ihnen das n\u00f6tige Wissen und die Werkzeuge zur Verf\u00fcgung stellen, unterst\u00fctzen wir sie dabei, selbstbewusst digitale Strategien zu entwickeln und umzusetzen.<\/li>\r\n                      <li>Innovation und Zukunftsf\u00e4higkeit: Wir inspirieren unsere Kunden dazu, innovativ zu denken und zukunftsf\u00e4hige L\u00f6sungen zu schaffen. Wir teilen Best Practices und Erfahrungen, um neue Ideen und Ans\u00e4tze zu f\u00f6rdern. Wir erkennen die\r\n                        Bedeutung von agiler Entwicklung und kontinuierlicher Verbesserung in der digitalen Welt und ermutigen unsere Kunden, mutig neue Wege zu gehen und sich an Ver\u00e4nderungen anzupassen.<\/li>\r\n                    <\/ol>\r\n                    <p>Indem wir diese Vision der f\u00fchrenden digitalen Transformation in Bezug auf E-Leadership und digitale Kompetenzen f\u00fcr unsere Kunden verfolgen, streben wir danach, ihre Wettbewerbsf\u00e4higkeit und Innovationskraft zu st\u00e4rken. Wir sind \u00fcberzeugt,\r\n                      dass wir durch unsere partnerschaftliche Zusammenarbeit und die Bef\u00e4higung unserer Kunden, zu digitalen Vorreitern zu werden, ihnen helfen k\u00f6nnen, ihre Ziele zu erreichen und eine erfolgreiche Zukunft in der digitalen \u00c4ra zu gestalten.<\/p>\r\n                    <p>\r\n                      <br>\r\n                    <\/p>\r\n                  <\/div>\r\n                <\/div>\r\n              <\/div>\r\n            <\/div>\r\n          <\/div>\r\n        <\/div>\r\n      <\/div>\r\n    <\/div>\r\n  <\/div>\r\n<\/div>[\/et_pb_text][\/et_pb_column]\n\t\t\t[\/et_pb_row]\n\t\t[\/et_pb_section]","protected":false},"excerpt":{"rendered":"<p>Unsere Vision ist es, eine f\u00fchrende Rolle bei der&#8230;<\/p>\n","protected":false},"author":1,"featured_media":0,"parent":0,"menu_order":0,"comment_status":"closed","ping_status":"closed","template":"page-templates\/full-width-page.php","meta":{"_et_pb_use_builder":"on","_et_pb_old_content":"<div data-colibri-id=\"2513-c1\" class=\"style-428 style-local-2513-c1 position-relative\">\r\n  <!---->\r\n  <div data-colibri-component=\"section\" data-colibri-id=\"2513-c2\" id=\"custom\" class=\"h-section h-section-global-spacing d-flex align-items-lg-center align-items-md-center align-items-center style-429 style-local-2513-c2 position-relative\">\r\n    <!---->\r\n    <!---->\r\n    <div class=\"h-section-grid-container h-section-boxed-container\">\r\n      <!---->\r\n      <div data-colibri-id=\"2513-c3\" class=\"h-row-container gutters-row-lg-2 gutters-row-md-2 gutters-row-0 gutters-row-v-lg-2 gutters-row-v-md-2 gutters-row-v-2 style-430 style-local-2513-c3 position-relative\">\r\n        <!---->\r\n        <div class=\"h-row justify-content-lg-center justify-content-md-center justify-content-center align-items-lg-stretch align-items-md-stretch align-items-stretch gutters-col-lg-2 gutters-col-md-2 gutters-col-0 gutters-col-v-lg-2 gutters-col-v-md-2 gutters-col-v-2\">\r\n          <!---->\r\n          <div class=\"h-column h-column-container d-flex h-col-lg-auto h-col-md-auto h-col-auto style-431-outer style-local-2513-c4-outer\">\r\n            <div data-colibri-id=\"2513-c4\" class=\"d-flex h-flex-basis h-column__inner h-px-lg-2 h-px-md-2 h-px-2 v-inner-lg-2 v-inner-md-2 v-inner-2 style-431 style-local-2513-c4 position-relative\">\r\n              <!---->\r\n              <!---->\r\n              <div class=\"w-100 h-y-container h-column__content h-column__v-align flex-basis-100 align-self-lg-start align-self-md-start align-self-start\">\r\n                <!---->\r\n                <div data-colibri-id=\"2513-c7\" class=\"d-block style-434 style-local-2513-c7 position-relative h-element\">\r\n                  <!---->\r\n                  <div class=\"h-image__frame-container-outer\">\r\n                    <div class=\"h-image__frame-container\">\r\n                      <!---->\r\n                      <!---->\r\n                      <img src=\"http:\/\/swissleadershipinstitute.com\/wp-content\/uploads\/2023\/06\/pexels-kampus-production-8428051-scaled.jpg\" class=\"wp-image-2516 style-434-image style-local-2513-c7-image\">\r\n                      <div class=\"h-image__frame h-hide-lg h-hide-md h-hide-sm style-434-frameImage style-local-2513-c7-frameImage\"><\/div>\r\n                    <\/div>\r\n                  <\/div>\r\n                <\/div>\r\n              <\/div>\r\n            <\/div>\r\n          <\/div>\r\n          <div class=\"h-column h-column-container d-flex h-col-lg-auto h-col-md-auto h-col-auto style-432-outer style-local-2513-c5-outer\">\r\n            <div data-colibri-id=\"2513-c5\" class=\"d-flex h-flex-basis h-column__inner h-px-lg-2 h-px-md-2 h-px-2 v-inner-lg-2 v-inner-md-2 v-inner-2 style-432 style-local-2513-c5 position-relative\">\r\n              <div class=\"background-wrapper\">\r\n                <div class=\"background-layer background-layer-media-container-lg\">\r\n                  <!---->\r\n                  <div class=\"overlay-layer\">\r\n                    <div class=\"overlay-image-layer\" style=\"background-color: rgb(49, 113, 157); opacity: 0.5;\"><\/div>\r\n                  <\/div>\r\n                <\/div>\r\n                <div class=\"background-layer background-layer-media-container-md\">\r\n                  <!---->\r\n                  <div class=\"overlay-layer\">\r\n                    <div class=\"overlay-image-layer\" style=\"background-color: rgb(49, 113, 157); opacity: 0.5;\"><\/div>\r\n                  <\/div>\r\n                <\/div>\r\n                <div class=\"background-layer background-layer-media-container\">\r\n                  <!---->\r\n                  <div class=\"overlay-layer\">\r\n                    <div class=\"overlay-image-layer\" style=\"background-color: rgb(49, 113, 157); opacity: 0.5;\"><\/div>\r\n                  <\/div>\r\n                <\/div>\r\n              <\/div>\r\n              <!---->\r\n              <div class=\"w-100 h-y-container h-column__content h-column__v-align flex-basis-100 align-self-lg-start align-self-md-start align-self-start\">\r\n                <!---->\r\n                <div data-colibri-id=\"2513-c6\" class=\"h-text h-text-component style-433 style-local-2513-c6 position-relative h-element\">\r\n                  <!---->\r\n                  <!---->\r\n                  <div class=\"\">\r\n                    <p>Unsere Vision ist es, eine f\u00fchrende Rolle bei der digitalen Transformation unserer Kunden einzunehmen, indem wir ihnen helfen, E-Leadership zu entwickeln und ihre digitalen Kompetenzen zu st\u00e4rken. Wir erkennen die Bedeutung der digitalen\r\n                      Revolution f\u00fcr Unternehmen und Organisationen und sind bestrebt, unsere Kunden auf diesem Weg zu begleiten und zu bef\u00e4higen, die Chancen der digitalen Welt erfolgreich zu nutzen.<\/p>\r\n                    <p>Unsere Vision basiert auf drei grundlegenden Prinzipien:<\/p>\r\n                    <ol>\r\n                      <li>Partnerschaftliche Zusammenarbeit: Wir verstehen uns als Partner unserer Kunden und setzen uns daf\u00fcr ein, eine enge und vertrauensvolle Zusammenarbeit aufzubauen. Wir h\u00f6ren aufmerksam zu, um ihre individuellen Bed\u00fcrfnisse und Herausforderungen\r\n                        zu verstehen und ma\u00dfgeschneiderte L\u00f6sungen anzubieten. Durch eine partnerschaftliche Beziehung schaffen wir eine solide Grundlage f\u00fcr den erfolgreichen digitalen Wandel.<\/li>\r\n                      <li>Erm\u00e4chtigung und Bef\u00e4higung: Wir m\u00f6chten unsere Kunden erm\u00e4chtigen und bef\u00e4higen, ihre eigene digitale Transformation zu f\u00fchren. Wir bieten gezielte Schulungen, Ressourcen und Beratung an, um ihre E-Leadership-F\u00e4higkeiten zu st\u00e4rken\r\n                        und ihre digitalen Kompetenzen auszubauen. Indem wir ihnen das n\u00f6tige Wissen und die Werkzeuge zur Verf\u00fcgung stellen, unterst\u00fctzen wir sie dabei, selbstbewusst digitale Strategien zu entwickeln und umzusetzen.<\/li>\r\n                      <li>Innovation und Zukunftsf\u00e4higkeit: Wir inspirieren unsere Kunden dazu, innovativ zu denken und zukunftsf\u00e4hige L\u00f6sungen zu schaffen. Wir teilen Best Practices und Erfahrungen, um neue Ideen und Ans\u00e4tze zu f\u00f6rdern. Wir erkennen die\r\n                        Bedeutung von agiler Entwicklung und kontinuierlicher Verbesserung in der digitalen Welt und ermutigen unsere Kunden, mutig neue Wege zu gehen und sich an Ver\u00e4nderungen anzupassen.<\/li>\r\n                    <\/ol>\r\n                    <p>Indem wir diese Vision der f\u00fchrenden digitalen Transformation in Bezug auf E-Leadership und digitale Kompetenzen f\u00fcr unsere Kunden verfolgen, streben wir danach, ihre Wettbewerbsf\u00e4higkeit und Innovationskraft zu st\u00e4rken. Wir sind \u00fcberzeugt,\r\n                      dass wir durch unsere partnerschaftliche Zusammenarbeit und die Bef\u00e4higung unserer Kunden, zu digitalen Vorreitern zu werden, ihnen helfen k\u00f6nnen, ihre Ziele zu erreichen und eine erfolgreiche Zukunft in der digitalen \u00c4ra zu gestalten.<\/p>\r\n                    <p>\r\n                      <br>\r\n                    <\/p>\r\n                  <\/div>\r\n                <\/div>\r\n              <\/div>\r\n            <\/div>\r\n          <\/div>\r\n        <\/div>\r\n      <\/div>\r\n    <\/div>\r\n  <\/div>\r\n<\/div>","_et_gb_content_width":"","footnotes":""},"class_list":["post-2513","page","type-page","status-publish","hentry"],"_links":{"self":[{"href":"https:\/\/swissleadershipinstitute.com\/index.php?rest_route=\/wp\/v2\/pages\/2513","targetHints":{"allow":["GET"]}}],"collection":[{"href":"https:\/\/swissleadershipinstitute.com\/index.php?rest_route=\/wp\/v2\/pages"}],"about":[{"href":"https:\/\/swissleadershipinstitute.com\/index.php?rest_route=\/wp\/v2\/types\/page"}],"author":[{"embeddable":true,"href":"https:\/\/swissleadershipinstitute.com\/index.php?rest_route=\/wp\/v2\/users\/1"}],"replies":[{"embeddable":true,"href":"https:\/\/swissleadershipinstitute.com\/index.php?rest_route=%2Fwp%2Fv2%2Fcomments&post=2513"}],"version-history":[{"count":5,"href":"https:\/\/swissleadershipinstitute.com\/index.php?rest_route=\/wp\/v2\/pages\/2513\/revisions"}],"predecessor-version":[{"id":5113,"href":"https:\/\/swissleadershipinstitute.com\/index.php?rest_route=\/wp\/v2\/pages\/2513\/revisions\/5113"}],"wp:attachment":[{"href":"https:\/\/swissleadershipinstitute.com\/index.php?rest_route=%2Fwp%2Fv2%2Fmedia&parent=2513"}],"curies":[{"name":"wp","href":"https:\/\/api.w.org\/{rel}","templated":true}]}}